{"id":754,"date":"2022-04-11T14:34:29","date_gmt":"2022-04-11T14:34:29","guid":{"rendered":"https:\/\/sanzmendia.com\/wp\/?page_id=754"},"modified":"2022-04-11T14:45:37","modified_gmt":"2022-04-11T14:45:37","slug":"horarios","status":"publish","type":"page","link":"https:\/\/sanzmendia.com\/wp\/eus\/horarios\/","title":{"rendered":"Horarios"},"content":{"rendered":"<div data-elementor-type=\"wp-page\" data-elementor-id=\"754\" class=\"elementor elementor-754\" data-elementor-post-type=\"page\">\n\t\t\t\t\t\t<section class=\"elementor-section elementor-top-section elementor-element elementor-element-8e93e7f elementor-section-boxed elementor-section-height-default elementor-section-height-default\" data-id=\"8e93e7f\" data-element_type=\"section\" data-e-type=\"section\" data-settings=\"{&quot;background_background&quot;:&quot;classic&quot;}\">\n\t\t\t\t\t\t<div class=\"elementor-container elementor-column-gap-no\">\n\t\t\t\t\t<div class=\"elementor-column elementor-col-50 elementor-top-column elementor-element elementor-element-5189198\" data-id=\"5189198\" data-element_type=\"column\" data-e-type=\"column\">\n\t\t\t<div class=\"elementor-widget-wrap elementor-element-populated\">\n\t\t\t\t\t\t<div class=\"elementor-element elementor-element-b0af42d elementor-widget elementor-widget-heading\" data-id=\"b0af42d\" data-element_type=\"widget\" data-e-type=\"widget\" data-widget_type=\"heading.default\">\n\t\t\t\t<div class=\"elementor-widget-container\">\n\t\t\t\t\t<h1 class=\"elementor-heading-title elementor-size-default\">Horarios<\/h1>\t\t\t\t<\/div>\n\t\t\t\t<\/div>\n\t\t\t\t<div class=\"elementor-element elementor-element-fe13957 elementor-widget elementor-widget-text-editor\" data-id=\"fe13957\" data-element_type=\"widget\" data-e-type=\"widget\" data-widget_type=\"text-editor.default\">\n\t\t\t\t<div class=\"elementor-widget-container\">\n\t\t\t\t\t\t\t\t\t<h4>Atenci\u00f3n en oficina:<\/h4><p>Lunes a viernes de 9:00h a 14:00h.<\/p><h4>Atenci\u00f3n telef\u00f3nica:<\/h4><p>Lunes a viernes de 9:00 a 14:00h.<\/p><h4><span class=\"arial18 bold granate\">948 338 900<\/span><\/h4>\t\t\t\t\t\t\t\t<\/div>\n\t\t\t\t<\/div>\n\t\t\t\t\t<\/div>\n\t\t<\/div>\n\t\t\t\t<div class=\"elementor-column elementor-col-50 elementor-top-column elementor-element elementor-element-b37386a\" data-id=\"b37386a\" data-element_type=\"column\" data-e-type=\"column\">\n\t\t\t<div class=\"elementor-widget-wrap elementor-element-populated\">\n\t\t\t\t\t\t<div class=\"elementor-element elementor-element-e18c100 elementor-widget elementor-widget-image\" data-id=\"e18c100\" data-element_type=\"widget\" data-e-type=\"widget\" data-widget_type=\"image.default\">\n\t\t\t\t<div class=\"elementor-widget-container\">\n\t\t\t\t\t\t\t\t\t\t\t\t\t\t\t<img fetchpriority=\"high\" decoding=\"async\" width=\"1000\" height=\"667\" src=\"https:\/\/sanzmendia.com\/wp\/wp-content\/uploads\/2022\/04\/AdobeStock_10010759.jpeg\" class=\"attachment-large size-large wp-image-756\" alt=\"\" srcset=\"https:\/\/sanzmendia.com\/wp\/wp-content\/uploads\/2022\/04\/AdobeStock_10010759.jpeg 1000w, https:\/\/sanzmendia.com\/wp\/wp-content\/uploads\/2022\/04\/AdobeStock_10010759-300x200.jpeg 300w, https:\/\/sanzmendia.com\/wp\/wp-content\/uploads\/2022\/04\/AdobeStock_10010759-768x512.jpeg 768w\" sizes=\"(max-width: 1000px) 100vw, 1000px\" \/>\t\t\t\t\t\t\t\t\t\t\t\t\t\t\t<\/div>\n\t\t\t\t<\/div>\n\t\t\t\t\t<\/div>\n\t\t<\/div>\n\t\t\t\t\t<\/div>\n\t\t<\/section>\n\t\t\t\t<\/div>","protected":false},"excerpt":{"rendered":"<p>Horarios Atenci\u00f3n en oficina: Lunes a viernes de 9:00h a 14:00h. Atenci\u00f3n telef\u00f3nica: Lunes a viernes de 9:00 a 14:00h. 948 338 900<\/p>","protected":false},"author":1,"featured_media":0,"parent":0,"menu_order":0,"comment_status":"closed","ping_status":"closed","template":"","meta":{"site-sidebar-layout":"no-sidebar","site-content-layout":"page-builder","ast-site-content-layout":"","site-content-style":"default","site-sidebar-style":"default","ast-global-header-display":"","ast-banner-title-visibility":"","ast-main-header-display":"","ast-hfb-above-header-display":"","ast-hfb-below-header-display":"","ast-hfb-mobile-header-display":"","site-post-title":"disabled","ast-breadcrumbs-content":"","ast-featured-img":"disabled","footer-sml-layout":"","theme-transparent-header-meta":"enabled","adv-header-id-meta":"","stick-header-meta":"","header-above-stick-meta":"","header-main-stick-meta":"","header-below-stick-meta":"","astra-migrate-meta-layouts":"default","ast-page-background-enabled":"default","ast-page-background-meta":{"desktop":{"background-color":"","background-image":"","background-repeat":"repeat","background-position":"center center","background-size":"auto","background-attachment":"scroll","background-type":"","background-media":"","overlay-type":"","overlay-color":"","overlay-gradient":""},"tablet":{"background-color":"","background-image":"","background-repeat":"repeat","background-position":"center center","background-size":"auto","background-attachment":"scroll","background-type":"","background-media":"","overlay-type":"","overlay-color":"","overlay-gradient":""},"mobile":{"background-color":"","background-image":"","background-repeat":"repeat","background-position":"center center","background-size":"auto","background-attachment":"scroll","background-type":"","background-media":"","overlay-type":"","overlay-color":"","overlay-gradient":""}},"ast-content-background-meta":{"desktop":{"background-color":"var(--ast-global-color-5)","background-image":"","background-repeat":"repeat","background-position":"center center","background-size":"auto","background-attachment":"scroll","background-type":"","background-media":"","overlay-type":"","overlay-color":"","overlay-gradient":""},"tablet":{"background-color":"var(--ast-global-color-5)","background-image":"","background-repeat":"repeat","background-position":"center center","background-size":"auto","background-attachment":"scroll","background-type":"","background-media":"","overlay-type":"","overlay-color":"","overlay-gradient":""},"mobile":{"background-color":"var(--ast-global-color-5)","background-image":"","background-repeat":"repeat","background-position":"center center","background-size":"auto","background-attachment":"scroll","background-type":"","background-media":"","overlay-type":"","overlay-color":"","overlay-gradient":""}},"footnotes":""},"class_list":["post-754","page","type-page","status-publish","hentry"],"yoast_head":"<!-- This site is optimized with the Yoast SEO plugin v27.5 - https:\/\/yoast.com\/product\/yoast-seo-wordpress\/ -->\n<title>Horarios - Administraci\u00f3n de fincas Mend\u00eda<\/title>\n<meta name=\"robots\" content=\"index, follow, max-snippet:-1, max-image-preview:large, max-video-preview:-1\" \/>\n<link rel=\"canonical\" href=\"https:\/\/sanzmendia.com\/wp\/eus\/horarios\/\" \/>\n<meta property=\"og:locale\" content=\"en_US\" \/>\n<meta property=\"og:type\" content=\"article\" \/>\n<meta property=\"og:title\" content=\"Horarios - Administraci\u00f3n de fincas Mend\u00eda\" \/>\n<meta property=\"og:description\" content=\"Horarios Atenci\u00f3n en oficina: Lunes a viernes de 9:00h a 14:00h. Atenci\u00f3n telef\u00f3nica: Lunes a viernes de 9:00 a 14:00h. 948 338 900\" \/>\n<meta property=\"og:url\" content=\"https:\/\/sanzmendia.com\/wp\/eus\/horarios\/\" \/>\n<meta property=\"og:site_name\" content=\"Administraci\u00f3n de fincas Mend\u00eda\" \/>\n<meta property=\"article:modified_time\" content=\"2022-04-11T14:45:37+00:00\" \/>\n<meta property=\"og:image\" content=\"https:\/\/sanzmendia.com\/wp\/wp-content\/uploads\/2022\/04\/AdobeStock_10010759.jpeg\" \/>\n<meta name=\"twitter:card\" content=\"summary_large_image\" \/>\n<meta name=\"twitter:label1\" content=\"Est. reading time\" \/>\n\t<meta name=\"twitter:data1\" content=\"1 minute\" \/>\n<script type=\"application\/ld+json\" class=\"yoast-schema-graph\">{\"@context\":\"https:\\\/\\\/schema.org\",\"@graph\":[{\"@type\":\"WebPage\",\"@id\":\"https:\\\/\\\/sanzmendia.com\\\/wp\\\/horarios\\\/\",\"url\":\"https:\\\/\\\/sanzmendia.com\\\/wp\\\/horarios\\\/\",\"name\":\"Horarios - Administraci\u00f3n de fincas Mend\u00eda\",\"isPartOf\":{\"@id\":\"https:\\\/\\\/sanzmendia.com\\\/wp\\\/#website\"},\"primaryImageOfPage\":{\"@id\":\"https:\\\/\\\/sanzmendia.com\\\/wp\\\/horarios\\\/#primaryimage\"},\"image\":{\"@id\":\"https:\\\/\\\/sanzmendia.com\\\/wp\\\/horarios\\\/#primaryimage\"},\"thumbnailUrl\":\"https:\\\/\\\/sanzmendia.com\\\/wp\\\/wp-content\\\/uploads\\\/2022\\\/04\\\/AdobeStock_10010759.jpeg\",\"datePublished\":\"2022-04-11T14:34:29+00:00\",\"dateModified\":\"2022-04-11T14:45:37+00:00\",\"breadcrumb\":{\"@id\":\"https:\\\/\\\/sanzmendia.com\\\/wp\\\/horarios\\\/#breadcrumb\"},\"inLanguage\":\"eus\",\"potentialAction\":[{\"@type\":\"ReadAction\",\"target\":[\"https:\\\/\\\/sanzmendia.com\\\/wp\\\/horarios\\\/\"]}]},{\"@type\":\"ImageObject\",\"inLanguage\":\"eus\",\"@id\":\"https:\\\/\\\/sanzmendia.com\\\/wp\\\/horarios\\\/#primaryimage\",\"url\":\"https:\\\/\\\/sanzmendia.com\\\/wp\\\/wp-content\\\/uploads\\\/2022\\\/04\\\/AdobeStock_10010759.jpeg\",\"contentUrl\":\"https:\\\/\\\/sanzmendia.com\\\/wp\\\/wp-content\\\/uploads\\\/2022\\\/04\\\/AdobeStock_10010759.jpeg\"},{\"@type\":\"BreadcrumbList\",\"@id\":\"https:\\\/\\\/sanzmendia.com\\\/wp\\\/horarios\\\/#breadcrumb\",\"itemListElement\":[{\"@type\":\"ListItem\",\"position\":1,\"name\":\"Portada\",\"item\":\"https:\\\/\\\/sanzmendia.com\\\/wp\\\/\"},{\"@type\":\"ListItem\",\"position\":2,\"name\":\"Horarios\"}]},{\"@type\":\"WebSite\",\"@id\":\"https:\\\/\\\/sanzmendia.com\\\/wp\\\/#website\",\"url\":\"https:\\\/\\\/sanzmendia.com\\\/wp\\\/\",\"name\":\"Administraci\u00f3n de fincas Mend\u00eda\",\"description\":\"Administraci\u00f3n y gesti\u00f3n de fincas y comunidades de vecinos\",\"publisher\":{\"@id\":\"https:\\\/\\\/sanzmendia.com\\\/wp\\\/#organization\"},\"potentialAction\":[{\"@type\":\"SearchAction\",\"target\":{\"@type\":\"EntryPoint\",\"urlTemplate\":\"https:\\\/\\\/sanzmendia.com\\\/wp\\\/?s={search_term_string}\"},\"query-input\":{\"@type\":\"PropertyValueSpecification\",\"valueRequired\":true,\"valueName\":\"search_term_string\"}}],\"inLanguage\":\"eus\"},{\"@type\":\"Organization\",\"@id\":\"https:\\\/\\\/sanzmendia.com\\\/wp\\\/#organization\",\"name\":\"Administraci\u00f3n de fincas Mend\u00eda\",\"url\":\"https:\\\/\\\/sanzmendia.com\\\/wp\\\/\",\"logo\":{\"@type\":\"ImageObject\",\"inLanguage\":\"eus\",\"@id\":\"https:\\\/\\\/sanzmendia.com\\\/wp\\\/#\\\/schema\\\/logo\\\/image\\\/\",\"url\":\"https:\\\/\\\/sanzmendia.com\\\/wp\\\/wp-content\\\/uploads\\\/2023\\\/11\\\/logotipo_definitivo-1.png\",\"contentUrl\":\"https:\\\/\\\/sanzmendia.com\\\/wp\\\/wp-content\\\/uploads\\\/2023\\\/11\\\/logotipo_definitivo-1.png\",\"width\":285,\"height\":85,\"caption\":\"Administraci\u00f3n de fincas Mend\u00eda\"},\"image\":{\"@id\":\"https:\\\/\\\/sanzmendia.com\\\/wp\\\/#\\\/schema\\\/logo\\\/image\\\/\"}}]}<\/script>\n<!-- \/ Yoast SEO plugin. -->","yoast_head_json":{"title":"Horarios - Administraci\u00f3n de fincas Mend\u00eda","robots":{"index":"index","follow":"follow","max-snippet":"max-snippet:-1","max-image-preview":"max-image-preview:large","max-video-preview":"max-video-preview:-1"},"canonical":"https:\/\/sanzmendia.com\/wp\/eus\/horarios\/","og_locale":"en_US","og_type":"article","og_title":"Horarios - Administraci\u00f3n de fincas Mend\u00eda","og_description":"Horarios Atenci\u00f3n en oficina: Lunes a viernes de 9:00h a 14:00h. Atenci\u00f3n telef\u00f3nica: Lunes a viernes de 9:00 a 14:00h. 948 338 900","og_url":"https:\/\/sanzmendia.com\/wp\/eus\/horarios\/","og_site_name":"Administraci\u00f3n de fincas Mend\u00eda","article_modified_time":"2022-04-11T14:45:37+00:00","og_image":[{"url":"https:\/\/sanzmendia.com\/wp\/wp-content\/uploads\/2022\/04\/AdobeStock_10010759.jpeg","type":"","width":"","height":""}],"twitter_card":"summary_large_image","twitter_misc":{"Est. reading time":"1 minute"},"schema":{"@context":"https:\/\/schema.org","@graph":[{"@type":"WebPage","@id":"https:\/\/sanzmendia.com\/wp\/horarios\/","url":"https:\/\/sanzmendia.com\/wp\/horarios\/","name":"Horarios - Administraci\u00f3n de fincas Mend\u00eda","isPartOf":{"@id":"https:\/\/sanzmendia.com\/wp\/#website"},"primaryImageOfPage":{"@id":"https:\/\/sanzmendia.com\/wp\/horarios\/#primaryimage"},"image":{"@id":"https:\/\/sanzmendia.com\/wp\/horarios\/#primaryimage"},"thumbnailUrl":"https:\/\/sanzmendia.com\/wp\/wp-content\/uploads\/2022\/04\/AdobeStock_10010759.jpeg","datePublished":"2022-04-11T14:34:29+00:00","dateModified":"2022-04-11T14:45:37+00:00","breadcrumb":{"@id":"https:\/\/sanzmendia.com\/wp\/horarios\/#breadcrumb"},"inLanguage":"eus","potentialAction":[{"@type":"ReadAction","target":["https:\/\/sanzmendia.com\/wp\/horarios\/"]}]},{"@type":"ImageObject","inLanguage":"eus","@id":"https:\/\/sanzmendia.com\/wp\/horarios\/#primaryimage","url":"https:\/\/sanzmendia.com\/wp\/wp-content\/uploads\/2022\/04\/AdobeStock_10010759.jpeg","contentUrl":"https:\/\/sanzmendia.com\/wp\/wp-content\/uploads\/2022\/04\/AdobeStock_10010759.jpeg"},{"@type":"BreadcrumbList","@id":"https:\/\/sanzmendia.com\/wp\/horarios\/#breadcrumb","itemListElement":[{"@type":"ListItem","position":1,"name":"Portada","item":"https:\/\/sanzmendia.com\/wp\/"},{"@type":"ListItem","position":2,"name":"Horarios"}]},{"@type":"WebSite","@id":"https:\/\/sanzmendia.com\/wp\/#website","url":"https:\/\/sanzmendia.com\/wp\/","name":"Administraci\u00f3n de fincas Mend\u00eda","description":"Administraci\u00f3n y gesti\u00f3n de fincas y comunidades de vecinos","publisher":{"@id":"https:\/\/sanzmendia.com\/wp\/#organization"},"potentialAction":[{"@type":"SearchAction","target":{"@type":"EntryPoint","urlTemplate":"https:\/\/sanzmendia.com\/wp\/?s={search_term_string}"},"query-input":{"@type":"PropertyValueSpecification","valueRequired":true,"valueName":"search_term_string"}}],"inLanguage":"eus"},{"@type":"Organization","@id":"https:\/\/sanzmendia.com\/wp\/#organization","name":"Administraci\u00f3n de fincas Mend\u00eda","url":"https:\/\/sanzmendia.com\/wp\/","logo":{"@type":"ImageObject","inLanguage":"eus","@id":"https:\/\/sanzmendia.com\/wp\/#\/schema\/logo\/image\/","url":"https:\/\/sanzmendia.com\/wp\/wp-content\/uploads\/2023\/11\/logotipo_definitivo-1.png","contentUrl":"https:\/\/sanzmendia.com\/wp\/wp-content\/uploads\/2023\/11\/logotipo_definitivo-1.png","width":285,"height":85,"caption":"Administraci\u00f3n de fincas Mend\u00eda"},"image":{"@id":"https:\/\/sanzmendia.com\/wp\/#\/schema\/logo\/image\/"}}]}},"_links":{"self":[{"href":"https:\/\/sanzmendia.com\/wp\/eus\/wp-json\/wp\/v2\/pages\/754","targetHints":{"allow":["GET"]}}],"collection":[{"href":"https:\/\/sanzmendia.com\/wp\/eus\/wp-json\/wp\/v2\/pages"}],"about":[{"href":"https:\/\/sanzmendia.com\/wp\/eus\/wp-json\/wp\/v2\/types\/page"}],"author":[{"embeddable":true,"href":"https:\/\/sanzmendia.com\/wp\/eus\/wp-json\/wp\/v2\/users\/1"}],"replies":[{"embeddable":true,"href":"https:\/\/sanzmendia.com\/wp\/eus\/wp-json\/wp\/v2\/comments?post=754"}],"version-history":[{"count":10,"href":"https:\/\/sanzmendia.com\/wp\/eus\/wp-json\/wp\/v2\/pages\/754\/revisions"}],"predecessor-version":[{"id":765,"href":"https:\/\/sanzmendia.com\/wp\/eus\/wp-json\/wp\/v2\/pages\/754\/revisions\/765"}],"wp:attachment":[{"href":"https:\/\/sanzmendia.com\/wp\/eus\/wp-json\/wp\/v2\/media?parent=754"}],"curies":[{"name":"wp","href":"https:\/\/api.w.org\/{rel}","templated":true}]}}